{"id":14,"date":"2025-07-09T10:03:22","date_gmt":"2025-07-09T10:03:22","guid":{"rendered":"https:\/\/dron-beton.com\/about\/"},"modified":"2026-04-05T22:02:59","modified_gmt":"2026-04-05T20:02:59","slug":"o-blogu","status":"publish","type":"page","link":"https:\/\/dron-beton.com\/cz\/o-blogu\/","title":{"rendered":"O blogu"},"content":{"rendered":"\t\t<div data-elementor-type=\"wp-page\" data-elementor-id=\"14\" class=\"elementor elementor-14\">\n\t\t\t\t<div class=\"elementor-element elementor-element-a91b130 e-flex e-con-boxed e-con e-parent\" data-id=\"a91b130\" data-element_type=\"container\" data-e-type=\"container\">\n\t\t\t\t\t<div class=\"e-con-inner\">\n\t\t\t\t<div class=\"elementor-element elementor-element-e6b52ef elementor-widget elementor-widget-spacer\" data-id=\"e6b52ef\" data-element_type=\"widget\" data-e-type=\"widget\" data-widget_type=\"spacer.default\">\n\t\t\t\t<div class=\"elementor-widget-container\">\n\t\t\t\t\t\t\t<div class=\"elementor-spacer\">\n\t\t\t<div class=\"elementor-spacer-inner\"><\/div>\n\t\t<\/div>\n\t\t\t\t\t\t<\/div>\n\t\t\t\t<\/div>\n\t\t<div class=\"elementor-element elementor-element-6bbd783 e-con-full e-flex e-con e-child\" data-id=\"6bbd783\" data-element_type=\"container\" data-e-type=\"container\">\n\t\t\t\t<div class=\"elementor-element elementor-element-2c3db18 elementor-widget elementor-widget-heading\" data-id=\"2c3db18\" data-element_type=\"widget\" data-e-type=\"widget\" data-widget_type=\"heading.default\">\n\t\t\t\t<div class=\"elementor-widget-container\">\n\t\t\t\t\t<h2 class=\"elementor-heading-title elementor-size-default\">AHOJ!<\/h2>\t\t\t\t<\/div>\n\t\t\t\t<\/div>\n\t\t<div class=\"elementor-element elementor-element-ccd6f72 e-grid e-con-full e-con e-child\" data-id=\"ccd6f72\" data-element_type=\"container\" data-e-type=\"container\">\n\t\t\t\t<div class=\"elementor-element elementor-element-4f1c5f3 elementor-widget elementor-widget-text-editor\" data-id=\"4f1c5f3\" data-element_type=\"widget\" data-e-type=\"widget\" data-widget_type=\"text-editor.default\">\n\t\t\t\t<div class=\"elementor-widget-container\">\n\t\t\t\t\t\t\t\t\t<p>Tento blog je vytv\u00e1\u0159en amat\u00e9rem jen pro z\u00e1bavu.&nbsp;<\/p>\n<p>V\u0161echny obr\u00e1zky pou\u017eit\u00e9 v \u010dl\u00e1nc\u00edch jsou vlastn\u00ed fotografie po\u0159\u00edzen\u00e9 dronem DJI mini 3 a nebo telefonem Samsung A35.<\/p>\n<p>V blogu se sna\u017e\u00edm nab\u00eddnout p\u0159\u00edjemn\u00e9 \u010dten\u00ed, v\u011bdomosti a snad i z\u00e1bavu.<\/p>\t\t\t\t\t\t\t\t<\/div>\n\t\t\t\t<\/div>\n\t\t\t\t<div class=\"elementor-element elementor-element-4ff66ee elementor-widget__width-initial elementor-widget-mobile__width-initial elementor-widget elementor-widget-image\" data-id=\"4ff66ee\" data-element_type=\"widget\" data-e-type=\"widget\" data-widget_type=\"image.default\">\n\t\t\t\t<div class=\"elementor-widget-container\">\n\t\t\t\t\t\t\t\t\t\t\t\t\t\t\t<img fetchpriority=\"high\" decoding=\"async\" width=\"1024\" height=\"768\" src=\"https:\/\/dron-beton.com\/wp-content\/uploads\/2025\/07\/dron-foto-1024x768.jpg\" class=\"attachment-large size-large wp-image-2637\" alt=\"dron foto\" srcset=\"https:\/\/dron-beton.com\/wp-content\/uploads\/2025\/07\/dron-foto-1024x768.jpg 1024w, https:\/\/dron-beton.com\/wp-content\/uploads\/2025\/07\/dron-foto-300x225.jpg 300w, https:\/\/dron-beton.com\/wp-content\/uploads\/2025\/07\/dron-foto-768x576.jpg 768w, https:\/\/dron-beton.com\/wp-content\/uploads\/2025\/07\/dron-foto-1536x1152.jpg 1536w, https:\/\/dron-beton.com\/wp-content\/uploads\/2025\/07\/dron-foto-2048x1536.jpg 2048w\" sizes=\"(max-width: 1024px) 100vw, 1024px\" title=\"O blogu\">\t\t\t\t\t\t\t\t\t\t\t\t\t\t\t<\/div>\n\t\t\t\t<\/div>\n\t\t\t\t<\/div>\n\t\t\t\t<\/div>\n\t\t\t\t\t<\/div>\n\t\t\t\t<\/div>\n\t\t\t\t<\/div>\n\t\t","protected":false},"excerpt":{"rendered":"<p>AHOJ! Tento blog je vytv\u00e1\u0159en amat\u00e9rem jen pro z\u00e1bavu.&nbsp; V\u0161echny obr\u00e1zky pou\u017eit\u00e9 v \u010dl\u00e1nc\u00edch jsou vlastn\u00ed fotografie po\u0159\u00edzen\u00e9 dronem DJI mini 3 a nebo telefonem Samsung A35. V blogu se sna\u017e\u00edm nab\u00eddnout p\u0159\u00edjemn\u00e9 \u010dten\u00ed, v\u011bdomosti a snad i z\u00e1bavu.<\/p>\n","protected":false},"author":1,"featured_media":0,"parent":0,"menu_order":0,"comment_status":"closed","ping_status":"closed","template":"","meta":{"site-sidebar-layout":"no-sidebar","site-content-layout":"page-builder","ast-site-content-layout":"full-width-container","site-content-style":"unboxed","site-sidebar-style":"unboxed","ast-global-header-display":"","ast-banner-title-visibility":"","ast-main-header-display":"","ast-hfb-above-header-display":"","ast-hfb-below-header-display":"","ast-hfb-mobile-header-display":"","site-post-title":"disabled","ast-breadcrumbs-content":"","ast-featured-img":"disabled","footer-sml-layout":"","theme-transparent-header-meta":"enabled","adv-header-id-meta":"","stick-header-meta":"","header-above-stick-meta":"","header-main-stick-meta":"","header-below-stick-meta":"","astra-migrate-meta-layouts":"set","ast-page-background-enabled":"default","ast-page-background-meta":{"desktop":{"background-color":"var(--ast-global-color-4)","background-image":"","background-repeat":"repeat","background-position":"center center","background-size":"auto","background-attachment":"scroll","background-type":"","background-media":"","overlay-type":"","overlay-color":"","overlay-opacity":"","overlay-gradient":""},"tablet":{"background-color":"","background-image":"","background-repeat":"repeat","background-position":"center center","background-size":"auto","background-attachment":"scroll","background-type":"","background-media":"","overlay-type":"","overlay-color":"","overlay-opacity":"","overlay-gradient":""},"mobile":{"background-color":"","background-image":"","background-repeat":"repeat","background-position":"center center","background-size":"auto","background-attachment":"scroll","background-type":"","background-media":"","overlay-type":"","overlay-color":"","overlay-opacity":"","overlay-gradient":""}},"ast-content-background-meta":{"desktop":{"background-color":"var(--ast-global-color-5)","background-image":"","background-repeat":"repeat","background-position":"center center","background-size":"auto","background-attachment":"scroll","background-type":"","background-media":"","overlay-type":"","overlay-color":"","overlay-opacity":"","overlay-gradient":""},"tablet":{"background-color":"var(--ast-global-color-5)","background-image":"","background-repeat":"repeat","background-position":"center center","background-size":"auto","background-attachment":"scroll","background-type":"","background-media":"","overlay-type":"","overlay-color":"","overlay-opacity":"","overlay-gradient":""},"mobile":{"background-color":"var(--ast-global-color-5)","background-image":"","background-repeat":"repeat","background-position":"center center","background-size":"auto","background-attachment":"scroll","background-type":"","background-media":"","overlay-type":"","overlay-color":"","overlay-opacity":"","overlay-gradient":""}},"footnotes":""},"class_list":["post-14","page","type-page","status-publish","hentry"],"_links":{"self":[{"href":"https:\/\/dron-beton.com\/cz\/wp-json\/wp\/v2\/pages\/14","targetHints":{"allow":["GET"]}}],"collection":[{"href":"https:\/\/dron-beton.com\/cz\/wp-json\/wp\/v2\/pages"}],"about":[{"href":"https:\/\/dron-beton.com\/cz\/wp-json\/wp\/v2\/types\/page"}],"author":[{"embeddable":true,"href":"https:\/\/dron-beton.com\/cz\/wp-json\/wp\/v2\/users\/1"}],"replies":[{"embeddable":true,"href":"https:\/\/dron-beton.com\/cz\/wp-json\/wp\/v2\/comments?post=14"}],"version-history":[{"count":37,"href":"https:\/\/dron-beton.com\/cz\/wp-json\/wp\/v2\/pages\/14\/revisions"}],"predecessor-version":[{"id":2919,"href":"https:\/\/dron-beton.com\/cz\/wp-json\/wp\/v2\/pages\/14\/revisions\/2919"}],"wp:attachment":[{"href":"https:\/\/dron-beton.com\/cz\/wp-json\/wp\/v2\/media?parent=14"}],"curies":[{"name":"wp","href":"https:\/\/api.w.org\/{rel}","templated":true}]}}